{"id":94,"date":"2025-12-11T00:08:43","date_gmt":"2025-12-10T23:08:43","guid":{"rendered":"https:\/\/popdav.bplaced.net\/kroatien\/?page_id=94"},"modified":"2025-12-11T00:08:43","modified_gmt":"2025-12-10T23:08:43","slug":"tourismus-in-kroatien","status":"publish","type":"page","link":"https:\/\/popdav.bplaced.net\/kroatien\/tourismus-in-kroatien\/","title":{"rendered":"Tourismus in Kroatien"},"content":{"rendered":"\n<div class=\"wp-block-media-text is-stacked-on-mobile\"><figure class=\"wp-block-media-text__media\"><img loading=\"lazy\" decoding=\"async\" width=\"1024\" height=\"536\" src=\"https:\/\/popdav.bplaced.net\/kroatien\/wp-content\/uploads\/2025\/12\/kueste-1024x536.jpg\" alt=\"\" class=\"wp-image-42 size-full\" srcset=\"https:\/\/popdav.bplaced.net\/kroatien\/wp-content\/uploads\/2025\/12\/kueste-1024x536.jpg 1024w, https:\/\/popdav.bplaced.net\/kroatien\/wp-content\/uploads\/2025\/12\/kueste-300x157.jpg 300w, https:\/\/popdav.bplaced.net\/kroatien\/wp-content\/uploads\/2025\/12\/kueste-768x402.jpg 768w, https:\/\/popdav.bplaced.net\/kroatien\/wp-content\/uploads\/2025\/12\/kueste-1536x805.jpg 1536w, https:\/\/popdav.bplaced.net\/kroatien\/wp-content\/uploads\/2025\/12\/kueste-2048x1073.jpg 2048w\" sizes=\"auto, (max-width: 1024px) 100vw, 1024px\" \/><\/figure><div class=\"wp-block-media-text__content\">\n<p class=\"has-large-font-size\" style=\"line-height:1.6\">Kroatien hat mit seiner malerischen K\u00fcste eine der sch\u00f6nsten und abwechslungsreichsten Landschaften Europas. Kroatien verzaubert und fasziniert zugleich. Ein kleines Land in Europa mit unglaublicher Vielfalt das j\u00e4hrlich von tausenden Touristen aufgesucht wird.<\/p>\n<\/div><\/div>\n\n\n\n<div style=\"height:3rem\" aria-hidden=\"true\" class=\"wp-block-spacer\"><\/div>\n\n\n\n<div class=\"wp-block-group has-global-padding is-layout-constrained wp-block-group-is-layout-constrained\">\n<h2 class=\"wp-block-heading\">Lassen Sie sich vom S\u00fcden verzaubern<\/h2>\n\n\n\n<figure class=\"wp-block-embed is-type-video is-provider-youtube wp-block-embed-youtube wp-embed-aspect-16-9 wp-has-aspect-ratio\" style=\"margin-top:3rem;margin-right:3rem;margin-bottom:3rem;margin-left:3rem\"><div class=\"wp-block-embed__wrapper\">\n<iframe loading=\"lazy\" title=\"Hier wirds spektakul\u00e4r! \ud83d\ude0d Die kroatische K\u00fcstenstra\u00dfe Jadranska Magistrala \u2022 Kroatien\" width=\"500\" height=\"281\" src=\"https:\/\/www.youtube.com\/embed\/XQGRsWrGMK4?feature=oembed\" frameborder=\"0\" allow=\"accelerometer; autoplay; clipboard-write; encrypted-media; gyroscope; picture-in-picture; web-share\" referrerpolicy=\"strict-origin-when-cross-origin\" allowfullscreen><\/iframe>\n<\/div><figcaption class=\"wp-element-caption\">Urlaub in Kroatien verzaubert<\/figcaption><\/figure>\n<\/div>\n\n\n\n<div class=\"wp-block-group has-global-padding is-layout-constrained wp-block-group-is-layout-constrained\">\n<ul class=\"wp-block-list\">\n<li><a href=\"https:\/\/de.wikipedia.org\/wiki\/Istrien\" target=\"_blank\" rel=\"noreferrer noopener nofollow\">Istrien<\/a><\/li>\n\n\n\n<li><a href=\"https:\/\/de.wikipedia.org\/wiki\/Kvarner-Bucht\" target=\"_blank\" rel=\"noreferrer noopener nofollow\">Kvarner Bucht <\/a><\/li>\n\n\n\n<li><a href=\"https:\/\/de.wikipedia.org\/wiki\/Dalmatien\" target=\"_blank\" rel=\"noreferrer noopener nofollow\">Dalmatien<\/a><\/li>\n<\/ul>\n<\/div>\n\n\n\n<!--nextpage-->\n\n\n\n<div class=\"wp-block-columns alignwide are-vertically-aligned-center is-layout-flex wp-container-core-columns-is-layout-28f84493 wp-block-columns-is-layout-flex\">\n<div class=\"wp-block-column is-vertically-aligned-center is-layout-flow wp-block-column-is-layout-flow\">\n<h3 class=\"wp-block-heading\">Wundersch\u00f6nes Kroatien<\/h3>\n\n\n\n<p>Die historischen Sehensw\u00fcrdigkeiten und die idyllischen K\u00fcstenst\u00e4dte verleihen Kroatien ein Flair von mittelalterlicher Sch\u00f6nheit.<\/p>\n\n\n\n<p>Es gibt unz\u00e4hlige St\u00e4dte in Kroatien, wie zum Beispiel Pula, Rijeka, Opatija, Krk, Zadar, Vodice, Sibenik, die ihre G\u00e4ste zum Staunen bringen.<\/p>\n\n\n\n<p>Die kroatischen Str\u00e4nde geben aber dem Land eine unverwechselbare Sch\u00f6nheit.<\/p>\n<\/div>\n\n\n\n<div class=\"wp-block-column is-vertically-aligned-center is-layout-flow wp-block-column-is-layout-flow\">\n<h1 class=\"wp-block-heading\">Kroatien fasziniert und verzaubert zugleich. Ein kleines Land in Europa mit unglaublicher Vielfalt.<\/h1>\n<\/div>\n\n\n\n<div class=\"wp-block-column is-vertically-aligned-center is-layout-flow wp-block-column-is-layout-flow\">\n<p>An der langgezogenen K\u00fcste findet man endlos lange Sandstr\u00e4nde, wei\u00dfe Kieselbuchten, sowie einsame Felsbuchten. Dort kann man die Reinheit, das tiefe Blau des Meeres und das glasklare Wasser der Adria genie\u00dfen.<\/p>\n\n\n\n<p>J\u00e4hrlich lassen sich unz\u00e4hlige Tourist:innen von malerischen Meeresbuchten, Naturparadiesen, dem reichen Kulturerbe und der Gastfreundschaft der Bev\u00f6lkerung verzaubern und besuchen das Land der 1000 Inseln.<\/p>\n<\/div>\n<\/div>\n\n\n\n<hr class=\"wp-block-separator has-alpha-channel-opacity is-style-wide is-style-wide--1\" style=\"margin-top:0;margin-bottom:0\"\/>\n\n\n\n<div style=\"height:3rem\" aria-hidden=\"true\" class=\"wp-block-spacer\"><\/div>\n\n\n\n<div class=\"wp-block-group has-global-padding is-layout-constrained wp-block-group-is-layout-constrained\">\n<h2 class=\"wp-block-heading\">Ank\u00fcnfte und \u00dcbernachtungen<\/h2>\n\n\n\n<figure class=\"wp-block-table\"><table class=\"has-fixed-layout\"><thead><tr><th>Jahr<\/th><th>N\u00e4chtigung<\/th><th>Ank\u00fcnfte<\/th><\/tr><\/thead><tbody><tr><td>2024<\/td><td>110 Mio.<\/td><td>21,4 Mio.<\/td><\/tr><tr><td>2023<\/td><td>108 Mio.<\/td><td>20,6 Mio.<\/td><\/tr><tr><td>2022<\/td><td>105 Mio.<\/td><td>18,9 Mio.<\/td><\/tr><\/tbody><\/table><\/figure>\n<\/div>\n\n\n\n<div class=\"wp-block-file\"><a id=\"wp-block-file--media-cb45faf8-2b83-4a68-b057-618a5b565e8c\" href=\"https:\/\/popdav.bplaced.net\/kroatien\/wp-content\/uploads\/2025\/12\/Tourismus-Kroatien.pdf\">Tourismus Kroatien<\/a><a href=\"https:\/\/popdav.bplaced.net\/kroatien\/wp-content\/uploads\/2025\/12\/Tourismus-Kroatien.pdf\" class=\"wp-block-file__button wp-element-button\" download aria-describedby=\"wp-block-file--media-cb45faf8-2b83-4a68-b057-618a5b565e8c\">Herunterladen<\/a><\/div>\n\n\n\n<ul class=\"wp-block-social-links aligncenter is-content-justification-center is-layout-flex wp-container-core-social-links-is-layout-a89b3969 wp-block-social-links-is-layout-flex\"><li class=\"wp-social-link wp-social-link-facebook  wp-block-social-link\"><a href=\"https:\/\/www.facebook.com\/groups\/urlaub.in.kroatien.das.original\/\" class=\"wp-block-social-link-anchor\"><svg width=\"24\" height=\"24\" viewBox=\"0 0 24 24\" version=\"1.1\" xmlns=\"http:\/\/www.w3.org\/2000\/svg\" aria-hidden=\"true\" focusable=\"false\"><path d=\"M12 2C6.5 2 2 6.5 2 12c0 5 3.7 9.1 8.4 9.9v-7H7.9V12h2.5V9.8c0-2.5 1.5-3.9 3.8-3.9 1.1 0 2.2.2 2.2.2v2.5h-1.3c-1.2 0-1.6.8-1.6 1.6V12h2.8l-.4 2.9h-2.3v7C18.3 21.1 22 17 22 12c0-5.5-4.5-10-10-10z\"><\/path><\/svg><span class=\"wp-block-social-link-label screen-reader-text\">Facebook<\/span><\/a><\/li>\n\n<li class=\"wp-social-link wp-social-link-instagram  wp-block-social-link\"><a href=\"https:\/\/www.instagram.com\/croatia\/\" class=\"wp-block-social-link-anchor\"><svg width=\"24\" height=\"24\" viewBox=\"0 0 24 24\" version=\"1.1\" xmlns=\"http:\/\/www.w3.org\/2000\/svg\" aria-hidden=\"true\" focusable=\"false\"><path d=\"M12,4.622c2.403,0,2.688,0.009,3.637,0.052c0.877,0.04,1.354,0.187,1.671,0.31c0.42,0.163,0.72,0.358,1.035,0.673 c0.315,0.315,0.51,0.615,0.673,1.035c0.123,0.317,0.27,0.794,0.31,1.671c0.043,0.949,0.052,1.234,0.052,3.637 s-0.009,2.688-0.052,3.637c-0.04,0.877-0.187,1.354-0.31,1.671c-0.163,0.42-0.358,0.72-0.673,1.035 c-0.315,0.315-0.615,0.51-1.035,0.673c-0.317,0.123-0.794,0.27-1.671,0.31c-0.949,0.043-1.233,0.052-3.637,0.052 s-2.688-0.009-3.637-0.052c-0.877-0.04-1.354-0.187-1.671-0.31c-0.42-0.163-0.72-0.358-1.035-0.673 c-0.315-0.315-0.51-0.615-0.673-1.035c-0.123-0.317-0.27-0.794-0.31-1.671C4.631,14.688,4.622,14.403,4.622,12 s0.009-2.688,0.052-3.637c0.04-0.877,0.187-1.354,0.31-1.671c0.163-0.42,0.358-0.72,0.673-1.035 c0.315-0.315,0.615-0.51,1.035-0.673c0.317-0.123,0.794-0.27,1.671-0.31C9.312,4.631,9.597,4.622,12,4.622 M12,3 C9.556,3,9.249,3.01,8.289,3.054C7.331,3.098,6.677,3.25,6.105,3.472C5.513,3.702,5.011,4.01,4.511,4.511 c-0.5,0.5-0.808,1.002-1.038,1.594C3.25,6.677,3.098,7.331,3.054,8.289C3.01,9.249,3,9.556,3,12c0,2.444,0.01,2.751,0.054,3.711 c0.044,0.958,0.196,1.612,0.418,2.185c0.23,0.592,0.538,1.094,1.038,1.594c0.5,0.5,1.002,0.808,1.594,1.038 c0.572,0.222,1.227,0.375,2.185,0.418C9.249,20.99,9.556,21,12,21s2.751-0.01,3.711-0.054c0.958-0.044,1.612-0.196,2.185-0.418 c0.592-0.23,1.094-0.538,1.594-1.038c0.5-0.5,0.808-1.002,1.038-1.594c0.222-0.572,0.375-1.227,0.418-2.185 C20.99,14.751,21,14.444,21,12s-0.01-2.751-0.054-3.711c-0.044-0.958-0.196-1.612-0.418-2.185c-0.23-0.592-0.538-1.094-1.038-1.594 c-0.5-0.5-1.002-0.808-1.594-1.038c-0.572-0.222-1.227-0.375-2.185-0.418C14.751,3.01,14.444,3,12,3L12,3z M12,7.378 c-2.552,0-4.622,2.069-4.622,4.622S9.448,16.622,12,16.622s4.622-2.069,4.622-4.622S14.552,7.378,12,7.378z M12,15 c-1.657,0-3-1.343-3-3s1.343-3,3-3s3,1.343,3,3S13.657,15,12,15z M16.804,6.116c-0.596,0-1.08,0.484-1.08,1.08 s0.484,1.08,1.08,1.08c0.596,0,1.08-0.484,1.08-1.08S17.401,6.116,16.804,6.116z\"><\/path><\/svg><span class=\"wp-block-social-link-label screen-reader-text\">Instagram<\/span><\/a><\/li>\n\n<li class=\"wp-social-link wp-social-link-x  wp-block-social-link\"><a href=\"https:\/\/x.com\/croatia?lang=de\" class=\"wp-block-social-link-anchor\"><svg width=\"24\" height=\"24\" viewBox=\"0 0 24 24\" version=\"1.1\" xmlns=\"http:\/\/www.w3.org\/2000\/svg\" aria-hidden=\"true\" focusable=\"false\"><path d=\"M13.982 10.622 20.54 3h-1.554l-5.693 6.618L8.745 3H3.5l6.876 10.007L3.5 21h1.554l6.012-6.989L15.868 21h5.245l-7.131-10.378Zm-2.128 2.474-.697-.997-5.543-7.93H8l4.474 6.4.697.996 5.815 8.318h-2.387l-4.745-6.787Z\" \/><\/svg><span class=\"wp-block-social-link-label screen-reader-text\">X<\/span><\/a><\/li><\/ul>\n","protected":false},"excerpt":{"rendered":"<p>Kroatien hat mit seiner malerischen K\u00fcste eine der sch\u00f6nsten und abwechslungsreichsten Landschaften Europas. Kroatien verzaubert und fasziniert zugleich. Ein kleines Land in Europa mit unglaublicher Vielfalt das j\u00e4hrlich von tausenden Touristen aufgesucht wird. Lassen Sie sich vom S\u00fcden verzaubern<\/p>\n","protected":false},"author":1,"featured_media":29,"parent":0,"menu_order":0,"comment_status":"closed","ping_status":"closed","template":"","meta":{"footnotes":""},"class_list":["post-94","page","type-page","status-publish","has-post-thumbnail","hentry"],"_links":{"self":[{"href":"https:\/\/popdav.bplaced.net\/kroatien\/wp-json\/wp\/v2\/pages\/94","targetHints":{"allow":["GET"]}}],"collection":[{"href":"https:\/\/popdav.bplaced.net\/kroatien\/wp-json\/wp\/v2\/pages"}],"about":[{"href":"https:\/\/popdav.bplaced.net\/kroatien\/wp-json\/wp\/v2\/types\/page"}],"author":[{"embeddable":true,"href":"https:\/\/popdav.bplaced.net\/kroatien\/wp-json\/wp\/v2\/users\/1"}],"replies":[{"embeddable":true,"href":"https:\/\/popdav.bplaced.net\/kroatien\/wp-json\/wp\/v2\/comments?post=94"}],"version-history":[{"count":25,"href":"https:\/\/popdav.bplaced.net\/kroatien\/wp-json\/wp\/v2\/pages\/94\/revisions"}],"predecessor-version":[{"id":121,"href":"https:\/\/popdav.bplaced.net\/kroatien\/wp-json\/wp\/v2\/pages\/94\/revisions\/121"}],"wp:featuredmedia":[{"embeddable":true,"href":"https:\/\/popdav.bplaced.net\/kroatien\/wp-json\/wp\/v2\/media\/29"}],"wp:attachment":[{"href":"https:\/\/popdav.bplaced.net\/kroatien\/wp-json\/wp\/v2\/media?parent=94"}],"curies":[{"name":"wp","href":"https:\/\/api.w.org\/{rel}","templated":true}]}}