{"id":26,"date":"2025-12-01T16:09:28","date_gmt":"2025-12-01T15:09:28","guid":{"rendered":"https:\/\/popdav.bplaced.net\/kroatien\/?page_id=26"},"modified":"2026-03-02T13:35:58","modified_gmt":"2026-03-02T12:35:58","slug":"wilkommen-dobrodosao","status":"publish","type":"page","link":"https:\/\/popdav.bplaced.net\/kroatien\/wilkommen-dobrodosao\/","title":{"rendered":"Wilkommen &#8211; Dobrodosao"},"content":{"rendered":"\n<div class=\"wp-block-group alignfull has-global-padding is-layout-constrained wp-container-core-group-is-layout-23b1a4dc wp-block-group-is-layout-constrained\" style=\"padding-top:var(--wp--preset--spacing--30);padding-right:var(--wp--preset--spacing--30);padding-bottom:var(--wp--preset--spacing--30);padding-left:var(--wp--preset--spacing--30)\">\n<div class=\"wp-block-group alignwide is-content-justification-space-between is-layout-flex wp-container-core-group-is-layout-b2891da8 wp-block-group-is-layout-flex\">\n<div class=\"wp-block-group is-layout-flex wp-block-group-is-layout-flex\"><h1 class=\"has-link-color wp-elements-d6202aa7d337f2ce08aedc8ed261a84e wp-block-site-title\"><a href=\"https:\/\/popdav.bplaced.net\/kroatien\" target=\"_self\" rel=\"home\">Kroatien<\/a><\/h1>\n\n<p class=\"wp-block-site-tagline\">Immer eine Reise wert!<\/p><\/div>\n\n\n<nav class=\"is-responsive items-justified-right wp-block-navigation is-content-justification-right is-layout-flex wp-container-core-navigation-is-layout-f665d2b5 wp-block-navigation-is-layout-flex\" aria-label=\"Navigation\" \n\t\t data-wp-interactive=\"core\/navigation\" data-wp-context='{\"overlayOpenedBy\":{\"click\":false,\"hover\":false,\"focus\":false},\"type\":\"overlay\",\"roleAttribute\":\"\",\"ariaLabel\":\"Men\\u00fc\"}'><button aria-haspopup=\"dialog\" aria-label=\"Men\u00fc \u00f6ffnen\" class=\"wp-block-navigation__responsive-container-open\" \n\t\t\t\tdata-wp-on--click=\"actions.openMenuOnClick\"\n\t\t\t\tdata-wp-on--keydown=\"actions.handleMenuKeydown\"\n\t\t\t><svg width=\"24\" height=\"24\" xmlns=\"http:\/\/www.w3.org\/2000\/svg\" viewBox=\"0 0 24 24\" aria-hidden=\"true\" focusable=\"false\"><path d=\"M4 7.5h16v1.5H4z\"><\/path><path d=\"M4 15h16v1.5H4z\"><\/path><\/svg><\/button>\n\t\t\t\t<div class=\"wp-block-navigation__responsive-container\"  id=\"modal-1\" \n\t\t\t\tdata-wp-class--has-modal-open=\"state.isMenuOpen\"\n\t\t\t\tdata-wp-class--is-menu-open=\"state.isMenuOpen\"\n\t\t\t\tdata-wp-watch=\"callbacks.initMenu\"\n\t\t\t\tdata-wp-on--keydown=\"actions.handleMenuKeydown\"\n\t\t\t\tdata-wp-on--focusout=\"actions.handleMenuFocusout\"\n\t\t\t\ttabindex=\"-1\"\n\t\t\t>\n\t\t\t\t\t<div class=\"wp-block-navigation__responsive-close\" tabindex=\"-1\">\n\t\t\t\t\t\t<div class=\"wp-block-navigation__responsive-dialog\" \n\t\t\t\tdata-wp-bind--aria-modal=\"state.ariaModal\"\n\t\t\t\tdata-wp-bind--aria-label=\"state.ariaLabel\"\n\t\t\t\tdata-wp-bind--role=\"state.roleAttribute\"\n\t\t\t>\n\t\t\t\t\t\t\t<button aria-label=\"Men\u00fc schlie\u00dfen\" class=\"wp-block-navigation__responsive-container-close\" \n\t\t\t\tdata-wp-on--click=\"actions.closeMenuOnClick\"\n\t\t\t><svg xmlns=\"http:\/\/www.w3.org\/2000\/svg\" viewBox=\"0 0 24 24\" width=\"24\" height=\"24\" aria-hidden=\"true\" focusable=\"false\"><path d=\"m13.06 12 6.47-6.47-1.06-1.06L12 10.94 5.53 4.47 4.47 5.53 10.94 12l-6.47 6.47 1.06 1.06L12 13.06l6.47 6.47 1.06-1.06L13.06 12Z\"><\/path><\/svg><\/button>\n\t\t\t\t\t\t\t<div class=\"wp-block-navigation__responsive-container-content\" \n\t\t\t\tdata-wp-watch=\"callbacks.focusFirstElement\"\n\t\t\t id=\"modal-1-content\">\n\t\t\t\t\t\t\t\t<ul class=\"wp-block-navigation__container is-responsive items-justified-right wp-block-navigation\"><ul class=\"wp-block-page-list\"><li class=\"wp-block-pages-list__item wp-block-navigation-item open-on-hover-click\"><a class=\"wp-block-pages-list__item__link wp-block-navigation-item__content\" href=\"https:\/\/popdav.bplaced.net\/kroatien\/2241-2\/\">(kein Titel)<\/a><\/li><li class=\"wp-block-pages-list__item wp-block-navigation-item open-on-hover-click\"><a class=\"wp-block-pages-list__item__link wp-block-navigation-item__content\" href=\"https:\/\/popdav.bplaced.net\/kroatien\/about\/\">About<\/a><\/li><li class=\"wp-block-pages-list__item wp-block-navigation-item open-on-hover-click\"><a class=\"wp-block-pages-list__item__link wp-block-navigation-item__content\" href=\"https:\/\/popdav.bplaced.net\/kroatien\/beispiel-seite\/\">Beispiel-Seite<\/a><\/li><li class=\"wp-block-pages-list__item wp-block-navigation-item open-on-hover-click\"><a class=\"wp-block-pages-list__item__link wp-block-navigation-item__content\" href=\"https:\/\/popdav.bplaced.net\/kroatien\/blog\/\">Blog<\/a><\/li><li class=\"wp-block-pages-list__item wp-block-navigation-item open-on-hover-click\"><a class=\"wp-block-pages-list__item__link wp-block-navigation-item__content\" href=\"https:\/\/popdav.bplaced.net\/kroatien\/contact\/\">Contact<\/a><\/li><li class=\"wp-block-pages-list__item wp-block-navigation-item open-on-hover-click\"><a class=\"wp-block-pages-list__item__link wp-block-navigation-item__content\" href=\"https:\/\/popdav.bplaced.net\/kroatien\/die-kroaten-lieben-kaffee\/\">Die Kroaten lieben Kaffee<\/a><\/li><li class=\"wp-block-pages-list__item wp-block-navigation-item open-on-hover-click\"><a class=\"wp-block-pages-list__item__link wp-block-navigation-item__content\" href=\"https:\/\/popdav.bplaced.net\/kroatien\/highlights-von-kroatien\/\">Highlights von Kroatien<\/a><\/li><li class=\"wp-block-pages-list__item wp-block-navigation-item open-on-hover-click\"><a class=\"wp-block-pages-list__item__link wp-block-navigation-item__content\" href=\"https:\/\/popdav.bplaced.net\/kroatien\/home\/\">Home<\/a><\/li><li class=\"wp-block-pages-list__item wp-block-navigation-item open-on-hover-click\"><a class=\"wp-block-pages-list__item__link wp-block-navigation-item__content\" href=\"https:\/\/popdav.bplaced.net\/kroatien\/impressum\/\">Impressum<\/a><\/li><li class=\"wp-block-pages-list__item wp-block-navigation-item open-on-hover-click\"><a class=\"wp-block-pages-list__item__link wp-block-navigation-item__content\" href=\"https:\/\/popdav.bplaced.net\/kroatien\/istrien\/\">Istrien<\/a><\/li><li class=\"wp-block-pages-list__item wp-block-navigation-item open-on-hover-click\"><a class=\"wp-block-pages-list__item__link wp-block-navigation-item__content\" href=\"https:\/\/popdav.bplaced.net\/kroatien\/kroatien-ist-schoen\/\">Kroatien ist sch\u00f6n<\/a><\/li><li class=\"wp-block-pages-list__item wp-block-navigation-item open-on-hover-click\"><a class=\"wp-block-pages-list__item__link wp-block-navigation-item__content\" href=\"https:\/\/popdav.bplaced.net\/kroatien\/73-2\/\">Kuestenregion<\/a><\/li><li class=\"wp-block-pages-list__item wp-block-navigation-item open-on-hover-click\"><a class=\"wp-block-pages-list__item__link wp-block-navigation-item__content\" href=\"https:\/\/popdav.bplaced.net\/kroatien\/services\/\">Services<\/a><\/li><li class=\"wp-block-pages-list__item wp-block-navigation-item open-on-hover-click\"><a class=\"wp-block-pages-list__item__link wp-block-navigation-item__content\" href=\"https:\/\/popdav.bplaced.net\/kroatien\/tourismus-in-kroatien\/\">Tourismus in Kroatien<\/a><\/li><li class=\"wp-block-pages-list__item wp-block-navigation-item open-on-hover-click\"><a class=\"wp-block-pages-list__item__link wp-block-navigation-item__content\" href=\"https:\/\/popdav.bplaced.net\/kroatien\/tourismusbeitraege\/\">Tourismusbeitr\u00e4ge<\/a><\/li><li class=\"wp-block-pages-list__item wp-block-navigation-item open-on-hover-click\"><a class=\"wp-block-pages-list__item__link wp-block-navigation-item__content\" href=\"https:\/\/popdav.bplaced.net\/kroatien\/wilkommen-dobrodosao\/\">Wilkommen &#8211; Dobrodosao<\/a><\/li><\/ul><\/ul>\n\t\t\t\t\t\t\t<\/div>\n\t\t\t\t\t\t<\/div>\n\t\t\t\t\t<\/div>\n\t\t\t\t<\/div><\/nav><\/div>\n<\/div>\n\n\n\n<div class=\"wp-block-media-text alignwide is-stacked-on-mobile is-image-fill-element\"><figure class=\"wp-block-media-text__media\"><img loading=\"lazy\" decoding=\"async\" width=\"1024\" height=\"512\" src=\"https:\/\/popdav.bplaced.net\/kroatien\/wp-content\/uploads\/2025\/12\/fahne-1024x512.png\" alt=\"\" class=\"wp-image-38 size-full\" style=\"object-position:50% 50%\" srcset=\"https:\/\/popdav.bplaced.net\/kroatien\/wp-content\/uploads\/2025\/12\/fahne-1024x512.png 1024w, https:\/\/popdav.bplaced.net\/kroatien\/wp-content\/uploads\/2025\/12\/fahne-300x150.png 300w, https:\/\/popdav.bplaced.net\/kroatien\/wp-content\/uploads\/2025\/12\/fahne-768x384.png 768w, https:\/\/popdav.bplaced.net\/kroatien\/wp-content\/uploads\/2025\/12\/fahne-1536x768.png 1536w, https:\/\/popdav.bplaced.net\/kroatien\/wp-content\/uploads\/2025\/12\/fahne-2048x1024.png 2048w\" sizes=\"auto, (max-width: 1024px) 100vw, 1024px\" \/><\/figure><div class=\"wp-block-media-text__content\">\n<p class=\"has-text-align-center\" style=\"font-size:clamp(1.25rem, 1.25rem + ((1vw - 0.2rem) * 1.176), 2rem);\">Kroatien ist ein <strong><em>kleines Land<\/em><\/strong> mit unglaublicher Vielfalt und z\u00e4hlt mit seiner K\u00fcste zu den sch\u00f6nsten und abwechslungsreichsten L\u00e4ndern Europas. Es verzaubert und fasziniert zugleich j\u00e4hrlich Millionen von Besucher:innen.<\/p>\n<\/div><\/div>\n\n\n\n<div style=\"height:2rem\" aria-hidden=\"true\" class=\"wp-block-spacer\"><\/div>\n\n\n\n<div class=\"wp-block-group alignwide has-main-background-color has-background is-layout-grid wp-container-core-group-is-layout-73d44df6 wp-block-group-is-layout-grid\">\n<p>Die Republik Kroatien (Republik Hrvatska) ist ein mediterraner, mitteleurop\u00e4ischer Staat und hat ein Gr\u00f6\u00dfe von mehr als 56.000 Quadratkilometern. Als Nachbarl\u00e4nder grenzen Slowenien, Ungarn, Serbien, Bosnien und Herzegowina, Montenegro und Italien (Seegrenze) an Kroatien. Das Land ist meist h\u00fcgelig und im K\u00fcstengebiet gibt es unz\u00e4hlige Inseln. Zu Kroatien geh\u00f6ren noch rund 32.000 Quadratkilometer Meer. Lange, warme Sommer und kalte Winter pr\u00e4gen das Klima. Der Fr\u00fchling und der Herbst sind weniger ausgepr\u00e4gt.<\/p>\n\n\n\n<p>Der kroatische Staat hat jedoch mehr als nur eine wundersch\u00f6ne K\u00fcstenregion zu bieten. In Inland finden Naturfreunde, Bergsteiger, Wintersportler und J\u00e4ger jede Menge Natursch\u00f6nheiten. Es gibt viel zu entdecken. Bereits jetzt sind 7,5 % des Landes gesch\u00fctzt. Diese Fl\u00e4che soll auf das doppelte vergr\u00f6\u00dfert werden und Kroatien stellt somit f\u00fcr Europa ein sehr wertvolles \u00f6kologisch reines Gebiet dar.<\/p>\n\n\n\n<p>Zagreb ist die Landeshauptstadt und z\u00e4hlt man die Vororte hinzu leben hier 1 Mio. Menschen. 1994 feierte Zagreb 900 Jahre Bistumsgr\u00fcndung. Insgesamt hat Kroatien 5 Mio. Einwohner, hiervon sind 90 % Kroaten. Die restlichen 10% setzen sich haupts\u00e4chlich aus Serben, Ungarn, Italienern, Deutschen und anderen Staaten zusammen. Viele kroatische Staatsangeh\u00f6rige leben im Ausland, z.B. 215.000 in Deutschland.<\/p>\n\n\n\n<p class=\"wp-container-content-da97c7ca\">Die Landessprache ist Kroatisch, jedoch ist in stark ethnischen Gebieten die Amtssprache Serbisch, Ungarisch und Italienisch. Der \u00fcberwiegende Teil \u00fcbt die r\u00f6misch-katholische Religion aus, in der Minderheit hingegen befinden sich die serbisch-orthodoxen und muslimisch Gl\u00e4ubigen. Der 25. Juni ist der Nationalfeiertag, denn am 25.06.1991 wurde die Unabh\u00e4ngigkeitserkl\u00e4rung abgegeben. Mittlerweile hat Kroatien den Euro als Landesw\u00e4hrung eingef\u00fchrt.<\/p>\n<\/div>\n\n\n\n<div class=\"wp-block-cover alignfull is-light has-parallax\" style=\"min-height:671px;aspect-ratio:unset;\"><div class=\"wp-block-cover__image-background wp-image-46 size-large has-parallax\" style=\"background-position:50% 50%;background-image:url(https:\/\/popdav.bplaced.net\/kroatien\/wp-content\/uploads\/2025\/12\/ravnik-1024x682.jpg)\"><\/div><span aria-hidden=\"true\" class=\"wp-block-cover__background has-background-dim-60 has-background-dim\" style=\"background-color:#6185bb\"><\/span><div class=\"wp-block-cover__inner-container has-global-padding is-layout-constrained wp-block-cover-is-layout-constrained\">\n<p class=\"has-text-align-center\" style=\"font-size:clamp(1.743rem, 1.743rem + ((1vw - 0.2rem) * 1.972), 3rem);\">Wundersch\u00f6ne Inseln!<\/p>\n<\/div><\/div>\n\n\n\n<div class=\"wp-block-group has-tertiary-background-color has-background has-global-padding is-layout-constrained wp-container-core-group-is-layout-5fbedae1 wp-block-group-is-layout-constrained\" style=\"border-radius:5px;padding-top:var(--wp--preset--spacing--large);padding-right:var(--wp--preset--spacing--large);padding-bottom:var(--wp--preset--spacing--large);padding-left:var(--wp--preset--spacing--large)\">\n<div class=\"wp-block-columns are-vertically-aligned-center is-layout-flex wp-container-core-columns-is-layout-318252f0 wp-block-columns-is-layout-flex\">\n<div class=\"wp-block-column is-vertically-aligned-center is-layout-flow wp-block-column-is-layout-flow\" style=\"flex-basis:33.33%\">\n<div class=\"wp-block-cover is-light is-style-rounded-cover has-aspect-ratio\" style=\"min-height:281px;aspect-ratio:3\/4;min-height:unset;\"><img loading=\"lazy\" decoding=\"async\" width=\"1024\" height=\"682\" class=\"wp-block-cover__image-background wp-image-46 size-large\" alt=\"\" src=\"https:\/\/popdav.bplaced.net\/kroatien\/wp-content\/uploads\/2025\/12\/ravnik-1024x682.jpg\" data-object-fit=\"cover\" srcset=\"https:\/\/popdav.bplaced.net\/kroatien\/wp-content\/uploads\/2025\/12\/ravnik-1024x682.jpg 1024w, https:\/\/popdav.bplaced.net\/kroatien\/wp-content\/uploads\/2025\/12\/ravnik-300x200.jpg 300w, https:\/\/popdav.bplaced.net\/kroatien\/wp-content\/uploads\/2025\/12\/ravnik-768x512.jpg 768w, https:\/\/popdav.bplaced.net\/kroatien\/wp-content\/uploads\/2025\/12\/ravnik-1536x1024.jpg 1536w, https:\/\/popdav.bplaced.net\/kroatien\/wp-content\/uploads\/2025\/12\/ravnik-2048x1365.jpg 2048w\" sizes=\"auto, (max-width: 1024px) 100vw, 1024px\" \/><span aria-hidden=\"true\" class=\"wp-block-cover__background has-background-dim-0 has-background-dim\" style=\"background-color:#b8b4b6\"><\/span><div class=\"wp-block-cover__inner-container is-layout-flow wp-block-cover-is-layout-flow\">\n<p class=\"has-text-align-center\">traumhaft sch\u00f6n<\/p>\n<\/div><\/div>\n<\/div>\n\n\n\n<div class=\"wp-block-column is-vertically-aligned-center is-layout-flow wp-container-core-column-is-layout-ec67b129 wp-block-column-is-layout-flow\" style=\"padding-top:0;padding-right:0;padding-bottom:0;padding-left:var(--wp--preset--spacing--30);flex-basis:66.66%\">\n<p class=\"has-primary-color has-text-color\" style=\"font-style:normal;font-weight:500\">Urlaub in Kroatien<\/p>\n\n\n\n<p style=\"font-style:normal;font-weight:600\">Lassen Sie sich f\u00fcr Ihren n\u00e4chsten Urlaub inspirieren<\/p>\n\n\n\n<p>Freuen sie sich auf wundersch\u00f6ne Buchten und kristallklaren Wasser! Baden Sie in der Adria, entspannen Sie sich an herrlichen Str\u00e4nden und schlemmen Sie sich durch die kroatische K\u00fcche.<\/p>\n\n\n\n<div class=\"wp-block-buttons is-layout-flex wp-block-buttons-is-layout-flex\" style=\"margin-top:var(--wp--preset--spacing--medium)\">\n<div class=\"wp-block-button has-custom-width wp-block-button__width-100 lemonsqueezy-button\"><a class=\"wp-block-button__link wp-element-button\" href=\"https:\/\/de.wikipedia.org\/wiki\/Kroatien\" target=\"_blank\" rel=\"noreferrer noopener nofollow\">weitere Informationen<\/a><\/div>\n<\/div>\n<\/div>\n<\/div>\n<\/div>\n","protected":false},"excerpt":{"rendered":"<p>Kroatien ist ein kleines Land mit unglaublicher Vielfalt und z\u00e4hlt mit seiner K\u00fcste zu den sch\u00f6nsten und abwechslungsreichsten L\u00e4ndern Europas. Es verzaubert und fasziniert zugleich j\u00e4hrlich Millionen von Besucher:innen. Die Republik Kroatien (Republik Hrvatska) ist ein mediterraner, mitteleurop\u00e4ischer Staat und hat ein Gr\u00f6\u00dfe von mehr als 56.000 Quadratkilometern. Als Nachbarl\u00e4nder grenzen Slowenien, Ungarn, Serbien, Bosnien [&hellip;]<\/p>\n","protected":false},"author":1,"featured_media":0,"parent":0,"menu_order":0,"comment_status":"closed","ping_status":"closed","template":"","meta":{"footnotes":""},"class_list":["post-26","page","type-page","status-publish","hentry"],"_links":{"self":[{"href":"https:\/\/popdav.bplaced.net\/kroatien\/wp-json\/wp\/v2\/pages\/26","targetHints":{"allow":["GET"]}}],"collection":[{"href":"https:\/\/popdav.bplaced.net\/kroatien\/wp-json\/wp\/v2\/pages"}],"about":[{"href":"https:\/\/popdav.bplaced.net\/kroatien\/wp-json\/wp\/v2\/types\/page"}],"author":[{"embeddable":true,"href":"https:\/\/popdav.bplaced.net\/kroatien\/wp-json\/wp\/v2\/users\/1"}],"replies":[{"embeddable":true,"href":"https:\/\/popdav.bplaced.net\/kroatien\/wp-json\/wp\/v2\/comments?post=26"}],"version-history":[{"count":41,"href":"https:\/\/popdav.bplaced.net\/kroatien\/wp-json\/wp\/v2\/pages\/26\/revisions"}],"predecessor-version":[{"id":2181,"href":"https:\/\/popdav.bplaced.net\/kroatien\/wp-json\/wp\/v2\/pages\/26\/revisions\/2181"}],"wp:attachment":[{"href":"https:\/\/popdav.bplaced.net\/kroatien\/wp-json\/wp\/v2\/media?parent=26"}],"curies":[{"name":"wp","href":"https:\/\/api.w.org\/{rel}","templated":true}]}}