{"id":153,"date":"2025-12-16T12:16:11","date_gmt":"2025-12-16T11:16:11","guid":{"rendered":"https:\/\/popdav.bplaced.net\/kroatien\/?page_id=153"},"modified":"2025-12-16T12:16:32","modified_gmt":"2025-12-16T11:16:32","slug":"istrien","status":"publish","type":"page","link":"https:\/\/popdav.bplaced.net\/kroatien\/istrien\/","title":{"rendered":"Istrien"},"content":{"rendered":"\n<div class=\"wp-block-group alignfull has-global-padding is-layout-constrained wp-block-group-is-layout-constrained\" style=\"margin-top:0;margin-bottom:0\">\n<div class=\"wp-block-columns alignfull is-layout-flex wp-container-core-columns-is-layout-9c22b1e3 wp-block-columns-is-layout-flex\">\n<div class=\"wp-block-column is-layout-flow wp-block-column-is-layout-flow\" style=\"flex-basis:55%\">\n<div class=\"wp-block-cover\" style=\"min-height:415px;aspect-ratio:unset;\"><img loading=\"lazy\" decoding=\"async\" width=\"1024\" height=\"681\" class=\"wp-block-cover__image-background wp-image-154 size-large\" alt=\"\" src=\"https:\/\/popdav.bplaced.net\/kroatien\/wp-content\/uploads\/2025\/12\/rovinj-istrien-f-210917152-jpg-81113--1024x681.jpg\" data-object-fit=\"cover\" srcset=\"https:\/\/popdav.bplaced.net\/kroatien\/wp-content\/uploads\/2025\/12\/rovinj-istrien-f-210917152-jpg-81113--1024x681.jpg 1024w, https:\/\/popdav.bplaced.net\/kroatien\/wp-content\/uploads\/2025\/12\/rovinj-istrien-f-210917152-jpg-81113--300x200.jpg 300w, https:\/\/popdav.bplaced.net\/kroatien\/wp-content\/uploads\/2025\/12\/rovinj-istrien-f-210917152-jpg-81113--768x511.jpg 768w, https:\/\/popdav.bplaced.net\/kroatien\/wp-content\/uploads\/2025\/12\/rovinj-istrien-f-210917152-jpg-81113-.jpg 1440w\" sizes=\"auto, (max-width: 1024px) 100vw, 1024px\" \/><span aria-hidden=\"true\" class=\"wp-block-cover__background has-background-dim-0 has-background-dim\" style=\"background-color:#5f6e7b\"><\/span><div class=\"wp-block-cover__inner-container is-layout-flow wp-block-cover-is-layout-flow\">\n<p class=\"has-text-align-center has-large-font-size\">Istrien<\/p>\n<\/div><\/div>\n<\/div>\n\n\n\n<div class=\"wp-block-column is-vertically-aligned-center has-base-color has-contrast-background-color has-text-color has-background has-link-color wp-elements-ba8e14ab768a8328c1ec77f80ee78b45 is-layout-flow wp-block-column-is-layout-flow\" style=\"padding-top:var(--wp--preset--spacing--60);padding-right:var(--wp--preset--spacing--60);padding-bottom:var(--wp--preset--spacing--60);padding-left:var(--wp--preset--spacing--60)\">\n<h2 class=\"wp-block-heading has-xx-large-font-size\">Istrien<\/h2>\n\n\n\n<p class=\"has-medium-font-size\"><strong>Istrien<\/strong>\u00a0(<a href=\"https:\/\/de.wikipedia.org\/wiki\/Kroatische_Sprache\">kroatisch<\/a>\/<a href=\"https:\/\/de.wikipedia.org\/wiki\/Slowenische_Sprache\">slowenisch<\/a>\u00a0<strong>Istra<\/strong>,\u00a0<a href=\"https:\/\/de.wikipedia.org\/wiki\/Italienische_Sprache\">italienisch<\/a>\u00a0<strong>Istria<\/strong>,\u00a0<a href=\"https:\/\/de.wikipedia.org\/wiki\/Istriotische_Sprache\">istriotisch<\/a>\u00a0<strong>E\u00eestria<\/strong>) ist mit einer Fl\u00e4che von etwa 3500\u00a0km\u00b2 die gr\u00f6\u00dfte\u00a0<a href=\"https:\/\/de.wikipedia.org\/wiki\/Halbinsel\">Halbinsel<\/a>\u00a0an der n\u00f6rdlichen\u00a0<a href=\"https:\/\/de.wikipedia.org\/wiki\/Adriatisches_Meer\">Adria<\/a>. Sie erstreckt sich zwischen dem\u00a0<a href=\"https:\/\/de.wikipedia.org\/wiki\/Golf_von_Triest\">Golf von Triest<\/a>\u00a0und der\u00a0<a href=\"https:\/\/de.wikipedia.org\/wiki\/Kvarner-Bucht\">Kvarner-Bucht<\/a>\u00a0vor\u00a0<a href=\"https:\/\/de.wikipedia.org\/wiki\/Rijeka\">Rijeka<\/a>, im Osten reicht sie bis zur rund 1400\u00a0m hohen\u00a0<a href=\"https:\/\/de.wikipedia.org\/wiki\/U%C4%8Dka\">U\u010dka<\/a>. An der Halbinsel haben drei Staaten Anteil. Der gr\u00f6\u00dfte Fl\u00e4chenanteil befindet sich auf dem Gebiet\u00a0<a href=\"https:\/\/de.wikipedia.org\/wiki\/Kroatien\">Kroatiens<\/a>, ein kleinerer im Norden geh\u00f6rt zu\u00a0<a href=\"https:\/\/de.wikipedia.org\/wiki\/Slowenien\">Slowenien<\/a>, zu\u00a0<a href=\"https:\/\/de.wikipedia.org\/wiki\/Italien\">Italien<\/a>\u00a0geh\u00f6rt nur das Gebiet um\u00a0<a href=\"https:\/\/de.wikipedia.org\/wiki\/Muggia\">Muggia<\/a>\u00a0und dessen Umland.<\/p>\n<\/div>\n<\/div>\n<\/div>\n\n\n\n<div class=\"wp-block-group alignfull has-global-padding is-layout-constrained wp-container-core-group-is-layout-54af5b55 wp-block-group-is-layout-constrained\" style=\"margin-top:0;margin-bottom:0;padding-top:var(--wp--preset--spacing--60);padding-bottom:var(--wp--preset--spacing--60)\">\n<h2 class=\"wp-block-heading alignwide has-text-align-center has-x-large-font-size\">Social Media<\/h2>\n\n\n\n<div class=\"wp-block-buttons alignwide has-custom-font-size has-medium-font-size is-content-justification-center is-layout-flex wp-container-core-buttons-is-layout-c124d1c4 wp-block-buttons-is-layout-flex\">\n<div class=\"wp-block-button\"><a class=\"wp-block-button__link wp-element-button\" href=\"https:\/\/www.instagram.com\/visitistria\/?hl=de\" target=\"_blank\" rel=\"noreferrer noopener nofollow\">Instagram<\/a><\/div>\n\n\n\n<div class=\"wp-block-button\"><a class=\"wp-block-button__link wp-element-button\" href=\"https:\/\/x.com\/IstrienPur\" target=\"_blank\" rel=\"noreferrer noopener nofollow\">Twitter\/X<\/a><\/div>\n\n\n\n<div class=\"wp-block-button\"><a class=\"wp-block-button__link wp-element-button\" href=\"https:\/\/www.facebook.com\/groups\/725767074578774\/\" target=\"_blank\" rel=\"noreferrer noopener\">Facebook<\/a><\/div>\n\n\n\n<div class=\"wp-block-button\"><a class=\"wp-block-button__link wp-element-button\" href=\"https:\/\/de.wikipedia.org\/wiki\/Istrien\" target=\"_blank\" rel=\"noreferrer noopener\">Istrien<\/a><\/div>\n<\/div>\n<\/div>\n\n\n\n<div class=\"wp-block-group alignfull has-global-padding is-layout-constrained wp-block-group-is-layout-constrained\" style=\"margin-top:0;margin-bottom:0;padding-top:var(--wp--preset--spacing--50);padding-bottom:var(--wp--preset--spacing--50)\">\n<div class=\"wp-block-columns alignwide is-layout-flex wp-container-core-columns-is-layout-fa584acd wp-block-columns-is-layout-flex\">\n<div class=\"wp-block-column is-vertically-aligned-center is-layout-flow wp-block-column-is-layout-flow\">\n<figure class=\"wp-block-embed is-type-video is-provider-youtube wp-block-embed-youtube wp-embed-aspect-16-9 wp-has-aspect-ratio\"><div class=\"wp-block-embed__wrapper\">\n<iframe loading=\"lazy\" title=\"Istrien Kroatien  Wundersch\u00f6n !Top 14 Sehensw\u00fcrdigkeiten   I  Istriens sch\u00f6ne Orten mit Kommentar\" width=\"500\" height=\"281\" src=\"https:\/\/www.youtube.com\/embed\/EtvICS5dOBQ?feature=oembed\" frameborder=\"0\" allow=\"accelerometer; autoplay; clipboard-write; encrypted-media; gyroscope; picture-in-picture; web-share\" referrerpolicy=\"strict-origin-when-cross-origin\" allowfullscreen><\/iframe>\n<\/div><\/figure>\n<\/div>\n<\/div>\n<\/div>\n\n\n\n<div class=\"wp-block-group alignwide is-style-default has-global-padding is-layout-constrained wp-block-group-is-layout-constrained\" style=\"margin-top:0;margin-bottom:0;padding-top:var(--wp--preset--spacing--60);padding-bottom:var(--wp--preset--spacing--60)\">\n<div class=\"wp-block-columns alignwide is-layout-flex wp-container-core-columns-is-layout-6ef9061c wp-block-columns-is-layout-flex\">\n<div class=\"wp-block-column is-layout-flow wp-block-column-is-layout-flow\">\n<div class=\"wp-block-media-text is-stacked-on-mobile\"><figure class=\"wp-block-media-text__media\"><img loading=\"lazy\" decoding=\"async\" width=\"1024\" height=\"683\" src=\"https:\/\/popdav.bplaced.net\/kroatien\/wp-content\/uploads\/2025\/12\/festungvis-1024x683.jpg\" alt=\"\" class=\"wp-image-39 size-full\" srcset=\"https:\/\/popdav.bplaced.net\/kroatien\/wp-content\/uploads\/2025\/12\/festungvis-1024x683.jpg 1024w, https:\/\/popdav.bplaced.net\/kroatien\/wp-content\/uploads\/2025\/12\/festungvis-300x200.jpg 300w, https:\/\/popdav.bplaced.net\/kroatien\/wp-content\/uploads\/2025\/12\/festungvis-768x512.jpg 768w, https:\/\/popdav.bplaced.net\/kroatien\/wp-content\/uploads\/2025\/12\/festungvis-1536x1024.jpg 1536w, https:\/\/popdav.bplaced.net\/kroatien\/wp-content\/uploads\/2025\/12\/festungvis-2048x1366.jpg 2048w\" sizes=\"auto, (max-width: 1024px) 100vw, 1024px\" \/><\/figure><div class=\"wp-block-media-text__content\">\n<h2 class=\"wp-block-heading\">Geschichte<\/h2>\n\n\n\n<p class=\"has-contrast-color has-base-background-color has-text-color has-background has-link-color wp-elements-8b143cbcef2e53a0eed05ff242a179c5\" style=\"font-size:clamp(0.875rem, 0.875rem + ((1vw - 0.2rem) * 0.196), 1rem);\">Menschliche Spuren lassen sich \u00fcber eine Million Jahre zur\u00fcckverfolgen. Die fr\u00fcheste b\u00e4uerliche Lebensweise setzte um 5750\u00a0v.\u00a0Chr. ein. Allerdings blieb die Besiedlung bis etwa 2000\u00a0v.\u00a0Chr. d\u00fcnn. Erst starke Zuwanderung erm\u00f6glichte nunmehr den Bau st\u00e4dteartiger Siedlungen und Festungsbauten. In der\u00a0<a href=\"https:\/\/de.wikipedia.org\/wiki\/Bronzezeit\">Bronzezeit<\/a>\u00a0entstanden regionale Herrschaftsstrukturen, es dominierten die\u00a0<a href=\"https:\/\/de.wikipedia.org\/wiki\/Histrier\">Histrier<\/a>, die Istrien den Namen gaben. Bis 177\u00a0v.\u00a0Chr. eroberten die R\u00f6mer die Halbinsel, die vollst\u00e4ndig romanisiert wurde, was sich bis heute in zahlreichen Monumenten niederschl\u00e4gt.<\/p>\n<\/div><\/div>\n<\/div>\n<\/div>\n<\/div>\n\n\n\n<div class=\"wp-block-group alignfull has-global-padding is-layout-constrained wp-block-group-is-layout-constrained\" style=\"margin-top:0;margin-bottom:0\">\n<div class=\"wp-block-group alignwide is-layout-flow wp-container-core-group-is-layout-d58a0413 wp-block-group-is-layout-flow\" style=\"padding-top:var(--wp--preset--spacing--50);padding-bottom:var(--wp--preset--spacing--50)\">\n<h2 class=\"wp-block-heading has-x-large-font-size\">Fakten<\/h2>\n\n\n\n<div class=\"wp-block-columns is-layout-flex wp-container-core-columns-is-layout-cbe57604 wp-block-columns-is-layout-flex\">\n<div class=\"wp-block-column is-layout-flow wp-block-column-is-layout-flow\">\n<div class=\"wp-block-group is-layout-flow wp-block-group-is-layout-flow\" style=\"border-top-color:var(--wp--preset--color--accent-6);border-top-width:1px;padding-top:var(--wp--preset--spacing--30);padding-bottom:var(--wp--preset--spacing--30)\">\n<h3 class=\"wp-block-heading\">Name<\/h3>\n\n\n\n<p class=\"has-small-font-size\">Im Gegensatz zur legendenhaften Verbindung des Namens der Halbinsel mit der Stadt\u00a0<a href=\"https:\/\/de.wikipedia.org\/wiki\/Histria_(Schwarzes_Meer)\">Histria<\/a>\u00a0am Schwarzen Meer, der Donau (<a href=\"https:\/\/de.wikipedia.org\/wiki\/Ister\">Ister<\/a>) und der\u00a0<a href=\"https:\/\/de.wikipedia.org\/wiki\/Argonautensage\">Argonautensage<\/a>, kann nur als gesichert gelten, dass den Namen der Halbinsel als erster\u00a0<a href=\"https:\/\/de.wikipedia.org\/wiki\/Hekataios_von_Milet\">Hekataios von Milet<\/a>\u00a0(ca. 560\u2013480\u00a0v.\u00a0Chr.) in seiner\u00a0<a href=\"https:\/\/de.wikipedia.org\/wiki\/Periegesis\">Periegesis<\/a>\u00a0erw\u00e4hnt. Die Bezeichnung\u00a0<em>Istrien<\/em>\u00a0geht wohl auf den Namen der\u00a0<a href=\"https:\/\/de.wikipedia.org\/wiki\/Histrier\">Histrier<\/a>\u00a0zur\u00fcck. Es ist ungekl\u00e4rt, ob diese zu den\u00a0<a href=\"https:\/\/de.wikipedia.org\/wiki\/Veneter_(Adria)\">Venetern<\/a>\u00a0oder zu den\u00a0<a href=\"https:\/\/de.wikipedia.org\/wiki\/Illyrer\">Illyrern<\/a>\u00a0geh\u00f6rten. Nach\u00a0<a href=\"https:\/\/de.wikipedia.org\/wiki\/Titus_Livius\">Titus Livius<\/a>\u00a0(<em>Ab urbe condita<\/em>\u00a01,1,1\u20133) und\u00a0<a href=\"https:\/\/de.wikipedia.org\/wiki\/Vergil\">Vergil<\/a>\u00a0(<em>Aeneis<\/em>\u00a01,242\u2013249) sowie\u00a0<a href=\"https:\/\/de.wikipedia.org\/wiki\/Claudius_Aelianus\">Claudius Aelianus<\/a>\u00a0(<em>De natura animalium<\/em>\u00a014,8) f\u00fchrte der Trojaner\u00a0<a href=\"https:\/\/de.wikipedia.org\/wiki\/Antenor\">Antenor<\/a>\u00a0die aus dem kleinasiatischen\u00a0<a href=\"https:\/\/de.wikipedia.org\/wiki\/Paphlagonien\">Paphlagonien<\/a>\u00a0vertriebenen\u00a0<em>Heneter<\/em>\u00a0an die M\u00fcndung des\u00a0<a href=\"https:\/\/de.wikipedia.org\/wiki\/Po_(Fluss)\">Po<\/a>\u00a0und gr\u00fcndete dort die Stadt\u00a0<a href=\"https:\/\/de.wikipedia.org\/wiki\/Patavium\">Patavium<\/a>.<\/p>\n<\/div>\n<\/div>\n\n\n\n<div class=\"wp-block-column is-layout-flow wp-block-column-is-layout-flow\">\n<div class=\"wp-block-group is-layout-flow wp-block-group-is-layout-flow\" style=\"border-top-color:var(--wp--preset--color--accent-6);border-top-width:1px;padding-top:var(--wp--preset--spacing--30);padding-bottom:var(--wp--preset--spacing--30)\">\n<h3 class=\"wp-block-heading\">Gliederung, Geologie, Klima<\/h3>\n\n\n\n<p class=\"has-small-font-size\">Die 537&nbsp;km lange K\u00fcste ist tief gegliedert, einige Meeresarme wie der&nbsp;<a href=\"https:\/\/de.wikipedia.org\/wiki\/Limski-Kanal\">Limski-Kanal<\/a>&nbsp;(zwischen&nbsp;<a href=\"https:\/\/de.wikipedia.org\/wiki\/Vrsar\">Vrsar<\/a>&nbsp;und&nbsp;<a href=\"https:\/\/de.wikipedia.org\/wiki\/Rovinj\">Rovinj<\/a>) oder die Bucht von Plomin-Fianona an der Ostk\u00fcste Istriens reichen tief ins Innenland und haben&nbsp;<a href=\"https:\/\/de.wikipedia.org\/wiki\/Fjord\">fjord\u00e4hnlichen<\/a>&nbsp;Charakter.<\/p>\n\n\n\n<p class=\"has-small-font-size\">Die h\u00f6chste Erhebung auf Istrien ist der Berg&nbsp;<a href=\"https:\/\/de.wikipedia.org\/wiki\/Vojak_(Berg)\">Vojak<\/a>&nbsp;(1401&nbsp;m) im&nbsp;<a href=\"https:\/\/de.wikipedia.org\/wiki\/U%C4%8Dka\">U\u010dka<\/a>-Gebirge. Die s\u00fcdliche Spitze der Halbinsel bildet das Naturschutzgebiet&nbsp;<a href=\"https:\/\/de.wikipedia.org\/wiki\/Kap_Kamenjak\">Kap Kamenjak<\/a>&nbsp;(<em>Capo Promontore \u2013 Rt Kamenjak<\/em>&nbsp;oder auch&nbsp;<em>Donji Kamenjak<\/em>). Bedeutend ist auch der&nbsp;<a href=\"https:\/\/de.wikipedia.org\/wiki\/Nationalpark_Brijuni\">Nationalpark Brijuni<\/a>. Vor Istriens Westk\u00fcste liegen au\u00dferdem die&nbsp;<a href=\"https:\/\/de.wikipedia.org\/wiki\/Brijuni\">Brijuni<\/a>-\/Brioni-Inseln, die Insel&nbsp;<a href=\"https:\/\/de.wikipedia.org\/wiki\/Cres\">Cres<\/a>&nbsp;an der Ostk\u00fcste der Halbinsel.<\/p>\n<\/div>\n<\/div>\n<\/div>\n\n\n\n<div style=\"height:100px\" aria-hidden=\"true\" class=\"wp-block-spacer\"><\/div>\n<\/div>\n<\/div>\n\n\n\n<aside class=\"wp-block-group alignfull is-style-section-3 has-accent-2-background-color has-background has-global-padding is-layout-constrained wp-container-core-group-is-layout-f0f2a97b wp-block-group-is-layout-constrained is-style-section-3--1\" style=\"margin-top:0;margin-bottom:0;padding-top:var(--wp--preset--spacing--50);padding-right:var(--wp--preset--spacing--50);padding-bottom:var(--wp--preset--spacing--50);padding-left:var(--wp--preset--spacing--50)\">\n<div class=\"wp-block-group is-vertical is-content-justification-center is-layout-flex wp-container-core-group-is-layout-8778ca4a wp-block-group-is-layout-flex\" style=\"min-height:360px;margin-top:0;margin-bottom:0\">\n<h2 class=\"wp-block-heading has-text-align-center has-xx-large-font-size\">Melde dich an, f\u00fcr mehrere Infos<\/h2>\n\n\n\n<div style=\"height:0px\" aria-hidden=\"true\" class=\"wp-block-spacer wp-container-content-62aae154\"><\/div>\n\n\n\n<div class=\"wp-block-buttons is-content-justification-center is-layout-flex wp-container-core-buttons-is-layout-a89b3969 wp-block-buttons-is-layout-flex\">\n<div class=\"wp-block-button\"><a class=\"wp-block-button__link has-text-align-center wp-element-button\" href=\"https:\/\/www.kroati.de\/kroatien-istrien\/istrien.html\" target=\"_blank\" rel=\"noreferrer noopener\">Abonnieren<\/a><\/div>\n<\/div>\n<\/div>\n<\/aside>\n","protected":false},"excerpt":{"rendered":"<p>Istrien Istrien\u00a0(kroatisch\/slowenisch\u00a0Istra,\u00a0italienisch\u00a0Istria,\u00a0istriotisch\u00a0E\u00eestria) ist mit einer Fl\u00e4che von etwa 3500\u00a0km\u00b2 die gr\u00f6\u00dfte\u00a0Halbinsel\u00a0an der n\u00f6rdlichen\u00a0Adria. Sie erstreckt sich zwischen dem\u00a0Golf von Triest\u00a0und der\u00a0Kvarner-Bucht\u00a0vor\u00a0Rijeka, im Osten reicht sie bis zur rund 1400\u00a0m hohen\u00a0U\u010dka. An der Halbinsel haben drei Staaten Anteil. Der gr\u00f6\u00dfte Fl\u00e4chenanteil befindet sich auf dem Gebiet\u00a0Kroatiens, ein kleinerer im Norden geh\u00f6rt zu\u00a0Slowenien, zu\u00a0Italien\u00a0geh\u00f6rt nur das Gebiet [&hellip;]<\/p>\n","protected":false},"author":1,"featured_media":0,"parent":0,"menu_order":0,"comment_status":"closed","ping_status":"closed","template":"","meta":{"footnotes":""},"class_list":["post-153","page","type-page","status-publish","hentry"],"_links":{"self":[{"href":"https:\/\/popdav.bplaced.net\/kroatien\/wp-json\/wp\/v2\/pages\/153","targetHints":{"allow":["GET"]}}],"collection":[{"href":"https:\/\/popdav.bplaced.net\/kroatien\/wp-json\/wp\/v2\/pages"}],"about":[{"href":"https:\/\/popdav.bplaced.net\/kroatien\/wp-json\/wp\/v2\/types\/page"}],"author":[{"embeddable":true,"href":"https:\/\/popdav.bplaced.net\/kroatien\/wp-json\/wp\/v2\/users\/1"}],"replies":[{"embeddable":true,"href":"https:\/\/popdav.bplaced.net\/kroatien\/wp-json\/wp\/v2\/comments?post=153"}],"version-history":[{"count":21,"href":"https:\/\/popdav.bplaced.net\/kroatien\/wp-json\/wp\/v2\/pages\/153\/revisions"}],"predecessor-version":[{"id":175,"href":"https:\/\/popdav.bplaced.net\/kroatien\/wp-json\/wp\/v2\/pages\/153\/revisions\/175"}],"wp:attachment":[{"href":"https:\/\/popdav.bplaced.net\/kroatien\/wp-json\/wp\/v2\/media?parent=153"}],"curies":[{"name":"wp","href":"https:\/\/api.w.org\/{rel}","templated":true}]}}